{"id":1136,"date":"2023-02-13T19:28:12","date_gmt":"2023-02-13T18:28:12","guid":{"rendered":"https:\/\/zaragoza.iepgroup.es\/?page_id=1136"},"modified":"2023-02-13T19:37:39","modified_gmt":"2023-02-13T18:37:39","slug":"cookies-policy","status":"publish","type":"page","link":"https:\/\/zaragoza.iepgroup.es\/en\/cookies-policy\/","title":{"rendered":"Cookies Policy"},"content":{"rendered":"\t\t<div data-elementor-type=\"wp-page\" data-elementor-id=\"1136\" class=\"elementor elementor-1136 elementor-1116\" data-elementor-post-type=\"page\">\n\t\t\t\t\t\t<section class=\"elementor-section elementor-top-section elementor-element elementor-element-53f790f0 elementor-section-full_width elementor-section-height-min-height elementor-section-stretched elementor-section-height-default elementor-section-items-middle\" data-id=\"53f790f0\" data-element_type=\"section\" data-e-type=\"section\" data-settings=\"{&quot;stretch_section&quot;:&quot;section-stretched&quot;,&quot;background_background&quot;:&quot;classic&quot;,&quot;jet_parallax_layout_list&quot;:[]}\">\n\t\t\t\t\t\t<div class=\"elementor-container elementor-column-gap-default\">\n\t\t\t\t\t<div class=\"elementor-column elementor-col-100 elementor-top-column elementor-element elementor-element-5f93fcc4\" data-id=\"5f93fcc4\" data-element_type=\"column\" data-e-type=\"column\">\n\t\t\t<div class=\"elementor-widget-wrap elementor-element-populated\">\n\t\t\t\t\t\t<div class=\"elementor-element elementor-element-b7ce817 elementor-widget elementor-widget-heading\" data-id=\"b7ce817\" data-element_type=\"widget\" data-e-type=\"widget\" data-widget_type=\"heading.default\">\n\t\t\t\t\t<h2 class=\"elementor-heading-title elementor-size-default\">Cookies Policy<\/h2>\t\t\t\t<\/div>\n\t\t\t\t\t<\/div>\n\t\t<\/div>\n\t\t\t\t\t<\/div>\n\t\t<\/section>\n\t\t\t\t<section class=\"elementor-section elementor-top-section elementor-element elementor-element-38040fcb elementor-section-boxed elementor-section-height-default elementor-section-height-default\" data-id=\"38040fcb\" data-element_type=\"section\" data-e-type=\"section\" data-settings=\"{&quot;jet_parallax_layout_list&quot;:[]}\">\n\t\t\t\t\t\t<div class=\"elementor-container elementor-column-gap-default\">\n\t\t\t\t\t<div class=\"elementor-column elementor-col-100 elementor-top-column elementor-element elementor-element-2fdbf802\" data-id=\"2fdbf802\" data-element_type=\"column\" data-e-type=\"column\">\n\t\t\t<div class=\"elementor-widget-wrap elementor-element-populated\">\n\t\t\t\t\t\t<div class=\"elementor-element elementor-element-236e1d16 elementor-widget elementor-widget-text-editor\" data-id=\"236e1d16\" data-element_type=\"widget\" data-e-type=\"widget\" data-widget_type=\"text-editor.default\">\n\t\t\t\t\t\t\t\t\t<p>Debido a la entrada en vigor de la Ley de Servicios de la Sociedad de la Informaci\u00f3n y del Comercio Electr\u00f3nico (LSSICE), establecida por el establecida por la Ley 34\/2002, es de obligaci\u00f3n obtener el consentimiento expreso del usuario de todas las p\u00e1ginas web que usan\u00a0<em>cookies\u00a0<\/em>prescindibles,<em>\u00a0<\/em>antes de que este navegue por ellas.<\/p><p><strong>\u00bfQU\u00c9 SON LAS\u00a0<em>COOKIES<\/em>?<\/strong><\/p><p>Las\u00a0<em>cookies\u00a0<\/em>y otras tecnolog\u00edas similares tales como local shared objects, flash\u00a0<em>cookies\u00a0<\/em>o p\u00edxeles, son herramientas empleadas por los servidores Web para almacenar y recuperar informaci\u00f3n acerca de sus visitantes, as\u00ed como para ofrecer un correcto funcionamiento del sitio.<\/p><p>Mediante el uso de estos dispositivos se permite al servidor Web recordar algunos datos concernientes al usuario, como sus preferencias para la visualizaci\u00f3n de las p\u00e1ginas de ese servidor, nombre y contrase\u00f1a, productos que m\u00e1s le interesan, etc.<\/p><p>Seg\u00fan la directiva de la UE, las\u00a0<em>cookies\u00a0<\/em>que requieren el consentimiento informado por parte del usuario son las\u00a0<em>cookies\u00a0<\/em>de anal\u00edtica y las de publicidad y afiliaci\u00f3n, quedando exceptuadas las de car\u00e1cter t\u00e9cnico y las necesarias para el funcionamiento del sitio web o la prestaci\u00f3n de servicios expresamente solicitados por el usuario.<\/p><p><strong>TIPOS DE\u00a0<em>COOKIES\u00a0<\/em>UTILIZADAS EN ESTE SITIO WEB<\/strong><\/p><p><strong>SEG\u00daN LA FINALIDAD<\/strong><\/p><ul><li><strong><em>Cookies\u00a0<\/em><\/strong><strong>t\u00e9cnicas y funcionales<\/strong>: son aquellas que permiten al usuario la navegaci\u00f3n a trav\u00e9s de una p\u00e1gina web, plataforma o aplicaci\u00f3n y la utilizaci\u00f3n de las diferentes opciones o servicios que en ella existan<em>.<\/em><\/li><li><strong><em>Cookies\u00a0<\/em><\/strong><strong>anal\u00edticas<\/strong>: son aquellas que permiten al responsable de las mismas el seguimiento y an\u00e1lisis del comportamiento de los usuarios de los sitios web a los que est\u00e1n vinculadas. La informaci\u00f3n recogida mediante este tipo de\u00a0<em>cookies<\/em>\u00a0se utiliza en la medici\u00f3n de la actividad de los sitios web, aplicaci\u00f3n o plataforma y para la elaboraci\u00f3n de perfiles de navegaci\u00f3n de los usuarios de dichos sitios, aplicaciones y plataformas, con el fin de introducir mejoras en funci\u00f3n del an\u00e1lisis de los datos de uso que hacen los usuarios del servicio.<\/li><li><strong><em>Cookies<\/em><\/strong>\u00a0<strong>publicitarias:<\/strong>\u00a0son aquellas que permiten la gesti\u00f3n, de la forma m\u00e1s eficaz posible, de los espacios publicitarios que, en su caso, el editor haya incluido en una p\u00e1gina web, aplicaci\u00f3n o plataforma desde la que presta el servicio solicitado en base a criterios como el contenido editado o la frecuencia en la que se muestran los anuncios.<\/li><li><strong><em>Cookies\u00a0<\/em><\/strong><strong>de publicidad comportamental<\/strong>: recogen informaci\u00f3n sobre las preferencias y elecciones personales del usuario (<em>retargeting<\/em>) para permitir la gesti\u00f3n, de la forma m\u00e1s eficaz posible, de los espacios publicitarios que, en su caso, el editor haya incluido en una p\u00e1gina web, aplicaci\u00f3n o plataforma desde la que presta el servicio solicitado.<\/li><li><strong><em>Cookies\u00a0<\/em><\/strong><strong>sociales<\/strong>: son establecidas por las plataformas de redes sociales en los servicios para permitirle compartir contenido con sus amigos y redes. Las plataformas de medios sociales tienen la capacidad de rastrear su actividad en l\u00ednea fuera de los Servicios. Esto puede afectar al contenido y los mensajes que ve en otros servicios que visita.<\/li><li><strong><em>Cookies\u00a0<\/em>de afiliados<\/strong>: permiten hacer un seguimiento de las visitas procedentes de otras webs, con las que el sitio web establece un contrato de afiliaci\u00f3n (empresas de afiliaci\u00f3n).<\/li><li><strong><em>Cookies\u00a0<\/em><\/strong><strong>de seguridad<\/strong>: almacenan informaci\u00f3n cifrada para evitar que los datos guardados en ellas sean vulnerables a ataques maliciosos de terceros.<\/li><\/ul><p><strong>SEG\u00daN LA PROPIEDAD<\/strong><\/p><ul><li><strong><em>Cookies<\/em><\/strong><strong>\u00a0propias<\/strong>: son aquellas que se env\u00edan al equipo terminal del usuario desde un equipo o dominio gestionado por el propio editor y desde el que se presta el servicio solicitado por el usuario.<\/li><li><strong><em>Cookies<\/em><\/strong>\u00a0<strong>de terceros:<\/strong>\u00a0son aquellas que se env\u00edan al equipo terminal del usuario desde un equipo o dominio que no es gestionado por el editor, sino por otra entidad que trata los datos obtenidos trav\u00e9s de las cookies.<\/li><\/ul><p><strong>SEG\u00daN EL PLAZO DE CONSERVACI\u00d3N<\/strong><\/p><ul><li><strong><em>Cookies<\/em><\/strong><strong>\u00a0de sesi\u00f3n:<\/strong>\u00a0son un tipo de\u00a0<em>cookies<\/em>\u00a0dise\u00f1adas para recabar y almacenar datos mientras el usuario accede a una p\u00e1gina web.<\/li><li><strong><em>Cookies<\/em><\/strong><strong>\u00a0persistentes:<\/strong>\u00a0son un tipo de cookies en el que los datos siguen almacenados en el terminal y pueden ser accedidos y tratados durante un per\u00edodo definido por el responsable de la\u00a0<em>cookie<\/em>, y que puede ir de unos minutos a varios a\u00f1os.<\/li><\/ul><p><br \/><strong>TRATAMIENTO DE DATOS PERSONALES<\/strong><\/p><p><strong>THE ENGLISH SCHOOL OF ASTURIAS, S.A.<\/strong>, como\u00a0<strong>Responsable del tratamiento,<\/strong>\u00a0le informa de que estos datos ser\u00e1n tratados de conformidad con lo dispuesto en el Reglamento General (UE) 2016\/679, de protecci\u00f3n de datos (RGPD) y L.O. 3\/2018, de protecci\u00f3n de datos y garant\u00eda de los derechos digitales (LOPDGDD), por lo que se le facilita la siguiente informaci\u00f3n del tratamiento:<\/p><p><strong>Fines del tratamiento:\u00a0<\/strong>seg\u00fan se especifica en el apartado de cookies que se utilizan en este sitio web.<\/p><p><strong>Legitimaci\u00f3n del tratamiento<\/strong>: consentimiento del interesado.<\/p><p><strong>Criterios de conservaci\u00f3n de los datos<\/strong>: seg\u00fan se especifica en el apartado de\u00a0<em>cookies\u00a0<\/em>utilizadas en la web.<\/p><p><strong>Comunicaci\u00f3n de los datos<\/strong>: no se comunicar\u00e1n los datos a terceros, excepto en cookies propiedad de terceros o por obligaci\u00f3n legal.<\/p><p><strong>Derechos que asisten al Interesado<\/strong>:<\/p><ul><li>Derecho a retirar el consentimiento en cualquier momento.<\/li><li>Derecho de acceso, rectificaci\u00f3n, portabilidad y supresi\u00f3n de sus datos, y de limitaci\u00f3n u oposici\u00f3n a su tratamiento.<\/li><li>Derecho a presentar una reclamaci\u00f3n ante la Autoridad de control (www.aepd.es) si considera que el tratamiento no se ajusta a la normativa vigente.<\/li><\/ul><p><strong>Datos de contacto del DPO para ejercer sus derechos:\u00a0<\/strong>dataprotection@iepgroup.es<\/p><p><strong>COOKIES CONTROLADAS POR EL EDITOR<\/strong><\/p><p>T\u00e9cnicas y funcionales<\/p><table class=\"pdf_datatable\"><tbody><tr><th>Propiedad<\/th><th>Cookie<\/th><th>Finalidad<\/th><th>Plazo<\/th><\/tr><tr><td>google.com<\/td><td><b>CONSENT<\/b><\/td><td>Rastreador de consentimiento de cookies de Google<\/td><td>en 18 a\u00f1os<\/td><\/tr><tr><td>google.com<\/td><td><b>SEARCH_SAMESITE<\/b><\/td><td>SameSite evita que el navegador env\u00ede esta cookie junto con las solicitudes entre sitios. El objetivo principal es mitigar el riesgo de fuga de informaci\u00f3n de origen cruzado. Tambi\u00e9n proporciona cierta protecci\u00f3n contra ataques de falsificaci\u00f3n de solicitudes entre sitios.<\/td><td>en 5 meses<\/td><\/tr><\/tbody><\/table><h4>Anal\u00edticas<\/h4><table class=\"pdf_datatable\"><tbody><tr><th>Propiedad<\/th><th>Cookie<\/th><th>Finalidad<\/th><th>Plazo<\/th><\/tr><tr><td>colegioinglesdeasturias.com<\/td><td><b>_hjid<\/b><\/td><td>Cookie Hotjar. Esta cookie se establece cuando el cliente llega por primera vez en una p\u00e1gina con el script Hotjar. Se utiliza para conservar la identificaci\u00f3n de usuario aleatoria, exclusiva de ese sitio en el navegador. Esto garantiza que el comportamiento en visitas posteriores al mismo sitio se atribuir\u00e1 a la misma ID de usuario.<\/td><td>en 12 meses<\/td><\/tr><tr><td>colegioinglesdeasturias.com<\/td><td><b>_hjIncludedInSample<\/b><\/td><td>Cookie Hotjar. Esta cookie de sesi\u00f3n est\u00e1 configurada para que Hotjar sepa si ese visitante est\u00e1 incluido en la muestra que se utiliza para generar embudos.<\/td><td>Sesi\u00f3n<\/td><\/tr><tr><td>google.com<\/td><td><b>__Secure-3PAPISID<\/b><\/td><td>Estas cookies se utilizan para entregar anuncios m\u00e1s relevantes para usted y sus intereses.<\/td><td>en 2 a\u00f1os<\/td><\/tr><tr><td>google.com<\/td><td><b>__Secure-3PSID<\/b><\/td><td>Estas cookies se utilizan para entregar anuncios m\u00e1s relevantes para usted y sus intereses.<\/td><td>en 2 a\u00f1os<\/td><\/tr><tr><td>google.com<\/td><td><b>__Secure-APISID<\/b><\/td><td>Estas cookies se utilizan para entregar anuncios m\u00e1s relevantes para usted y sus intereses.<\/td><td>en 4 meses<\/td><\/tr><tr><td>google.com<\/td><td><b>__Secure-HSID<\/b><\/td><td>Estas cookies se utilizan para entregar anuncios m\u00e1s relevantes para usted y sus intereses.<\/td><td>en 4 meses<\/td><\/tr><tr><td>google.com<\/td><td><b>__Secure-SSID<\/b><\/td><td>Estas cookies se utilizan para entregar anuncios m\u00e1s relevantes para usted y sus intereses.<\/td><td>en 4 meses<\/td><\/tr><\/tbody><\/table><h4>Publicitarias<\/h4><table class=\"pdf_datatable\"><tbody><tr><th>Propiedad<\/th><th>Cookie<\/th><th>Finalidad<\/th><th>Plazo<\/th><\/tr><tr><td>colegioinglesdeasturias.com<\/td><td><b>_fbp<\/b><\/td><td>Utilizado por Facebook para ofrecer una serie de productos tales como publicidad, ofertas en tiempo real de anunciantes terceros<\/td><td>en 3 meses<\/td><\/tr><tr><td>facebook.com<\/td><td><b>fr<\/b><\/td><td>Contiene un navegador \u00fanico e identificador de usuario, que se utiliza para la publicidad dirigida.<\/td><td>en 3 meses<\/td><\/tr><tr><td>google.com<\/td><td><b>1P_JAR<\/b><\/td><td>Estas cookies se establecen a trav\u00e9s de v\u00eddeos de youtube incrustados. Registran los datos estad\u00edsticos an\u00f3nimos sobre, por ejemplo, cu\u00e1ntas veces se reproduce el v\u00eddeo y las configuraciones que se utilizan para la reproducci\u00f3n.<\/td><td>en 23 d\u00edas<\/td><\/tr><tr><td>google.com<\/td><td><b>ANID<\/b><\/td><td>Google utiliza estos cookies para hacer publicidad m\u00e1s atractiva para los usuarios y m\u00e1s valiosa para los editores y anunciantes<\/td><td>en un a\u00f1o<\/td><\/tr><tr><td>google.com<\/td><td><b>APISID<\/b><\/td><td>Descargar ciertas herramientas de Google y guardar ciertas preferencias, por ejemplo, el n\u00famero de resultados de la b\u00fasqueda por hoja o la activaci\u00f3n del filtro SafeSearch. Ajusta los anuncios que aparecen en la b\u00fasqueda de Google.<\/td><td>en 2 a\u00f1os<\/td><\/tr><tr><td>google.com<\/td><td><b>HSID<\/b><\/td><td>Descargar ciertas herramientas de Google y guardar ciertas preferencias, por ejemplo, el n\u00famero de resultados de la b\u00fasqueda por hoja o la activaci\u00f3n del filtro SafeSearch. Ajusta los anuncios que aparecen en la b\u00fasqueda de Google.<\/td><td>en 2 a\u00f1os<\/td><\/tr><tr><td>google.com<\/td><td><b>NID<\/b><\/td><td>Estas cookies se utilizan para recopilar estad\u00edsticas del sitio web y rastrear las tasas de conversi\u00f3n y la personalizaci\u00f3n de anuncios de Google<\/td><td>en 6 meses<\/td><\/tr><tr><td>google.com<\/td><td><b>OTZ<\/b><\/td><td>An\u00e1lisis agregado de los visitantes del sitio<\/td><td>en un d\u00eda<\/td><\/tr><tr><td>google.com<\/td><td><b>SAPISID<\/b><\/td><td>Descargar ciertas herramientas de Google y guardar ciertas preferencias, por ejemplo, el n\u00famero de resultados de la b\u00fasqueda por hoja o la activaci\u00f3n del filtro SafeSearch. Ajusta los anuncios que aparecen en la b\u00fasqueda de Google.<\/td><td>en 2 a\u00f1os<\/td><\/tr><tr><td>google.com<\/td><td><b>SID<\/b><\/td><td>Descargar ciertas herramientas de Google y guardar ciertas preferencias, por ejemplo, el n\u00famero de resultados de la b\u00fasqueda por hoja o la activaci\u00f3n del filtro SafeSearch. Ajusta los anuncios que aparecen en la b\u00fasqueda de Google.<\/td><td>en 2 a\u00f1os<\/td><\/tr><tr><td>google.com<\/td><td><b>SIDCC<\/b><\/td><td>Descargar ciertas herramientas de Google y guardar ciertas preferencias, por ejemplo, el n\u00famero de resultados de la b\u00fasqueda por hoja o la activaci\u00f3n del filtro SafeSearch. Ajusta los anuncios que aparecen en la b\u00fasqueda de Google.<\/td><td>en un a\u00f1o<\/td><\/tr><tr><td>google.com<\/td><td><b>SSID<\/b><\/td><td>Descarga ciertas herramientas de Google y guarda ciertas preferencias, por ejemplo, el n\u00famero de resultados de b\u00fasqueda por p\u00e1gina o la activaci\u00f3n del filtro SafeSearch. Ajusta los anuncios que aparecen en la B\u00fasqueda de Google.<\/td><td>en 2 a\u00f1os<\/td><\/tr><\/tbody><\/table><p>\u00a0<\/p><p><strong>COOKIES DE TERCEROS NO CONTROLADAS POR EL EDITOR<\/strong><\/p><p>Los servicios de terceros son ajenos al control del editor. Los proveedores pueden modificar en todo momento sus condiciones de servicio, finalidad y utilizaci\u00f3n de las cookies, etc.<\/p><p><strong>Proveedores externos de este sitio web:<\/strong><\/p><p><a href=\"https:\/\/privacy.google.com\/take-control.html\" target=\"_blank\" rel=\"noopener noreferrer\">Google<\/a><a href=\"https:\/\/safety.google\/privacy\/privacy-controls\/\" target=\"_blank\" rel=\"noopener noreferrer\">Google<\/a><a href=\"https:\/\/www.facebook.com\/about\/privacy\/\" target=\"_blank\" rel=\"noopener noreferrer\">Facebook<\/a><a href=\"https:\/\/www.hotjar.com\/legal\/compliance\/opt-out\" target=\"_blank\" rel=\"noopener noreferrer\">Hotjar<\/a><\/p><table class=\"pdf_datatable\"><tbody><tr><th>Editor<\/th><th>Pol\u00edtica de privacidad<\/th><\/tr><tr><td>Facebook<\/td><td><a href=\"https:\/\/www.facebook.com\/about\/privacy\/\" target=\"_blank\" rel=\"noopener noreferrer\">https:\/\/www.facebook.com\/about\/privacy\/<\/a><\/td><\/tr><tr><td>Google<\/td><td><a href=\"https:\/\/privacy.google.com\/take-control.html\" target=\"_blank\" rel=\"noopener noreferrer\">https:\/\/privacy.google.com\/take-control.html<\/a><\/td><\/tr><tr><td>Google<\/td><td><a href=\"https:\/\/safety.google\/privacy\/privacy-controls\/\" target=\"_blank\" rel=\"noopener noreferrer\">https:\/\/safety.google\/privacy\/privacy-controls\/<\/a><\/td><\/tr><tr><td>Hotjar<\/td><td><a href=\"https:\/\/www.hotjar.com\/legal\/compliance\/opt-out\" target=\"_blank\" rel=\"noopener noreferrer\">https:\/\/www.hotjar.com\/legal\/compliance\/opt-out<\/a><\/td><\/tr><\/tbody><\/table><p>\u00a0<\/p><table class=\"pdf_datatable\" border=\"0\" cellspacing=\"1\" cellpadding=\"1\"><tbody><tr><td><strong>C\u00d3MO GESTIONAR LAS COOKIES DESDE EL NAVEGADOR<\/strong><\/td><\/tr><\/tbody><\/table><table class=\"pdf_datatable\" border=\"0\" cellspacing=\"1\" cellpadding=\"1\"><tbody><tr><td><strong>Eliminar las cookies del dispositivo<\/strong><\/td><td>Las cookies que ya est\u00e1n en un dispositivo se pueden eliminar borrando el historial del navegador, con lo que se suprimen las cookies de todos los sitios web visitados.<br \/>Sin embargo, tambi\u00e9n se puede perder parte de la informaci\u00f3n guardada (por ejemplo, los datos de inicio de sesi\u00f3n o las preferencias de sitio web).<\/td><\/tr><tr><td><strong>Gestionar las cookies espec\u00edficas del sitio<\/strong><\/td><td>Para tener un control m\u00e1s preciso de las cookies espec\u00edficas de cada sitio, los usuarios pueden ajustar su configuraci\u00f3n de privacidad y cookies en el navegador.<\/td><\/tr><tr><td><strong>Bloquear las cookies<\/strong><\/td><td>Aunque la mayor\u00eda de los navegadores modernos se pueden configurar para evitar que se instalen cookies en los dispositivos, eso puede obligar al ajuste manual de determinadas preferencias cada vez que se visite un sitio o p\u00e1gina. Adem\u00e1s, algunos servicios y caracter\u00edsticas pueden no funcionar correctamente.<\/td><\/tr><\/tbody><\/table><p>\u00a0<\/p><table class=\"pdf_datatable\" border=\"0\" cellspacing=\"1\" cellpadding=\"1\"><tbody><tr><td><strong>C\u00d3MO ELIMINAR LAS COOKIES DE LOS NAVEGADORES M\u00c1S COMUNES<\/strong><\/td><\/tr><\/tbody><\/table><table class=\"pdf_datatable\" border=\"0\" cellspacing=\"1\" cellpadding=\"1\"><tbody><tr><td><strong>Chrome<\/strong><\/td><td><a href=\"http:\/\/support.google.com\/chrome\/answer\/95647?hl=es\" target=\"_blank\" rel=\"noopener\">http:\/\/support.google.com\/chrome\/answer\/95647?hl=es<\/a><\/td><\/tr><tr><td><strong>Internet Explorer. Versi\u00f3n 11<\/strong><\/td><td><a href=\"https:\/\/support.microsoft.com\/es-es\/help\/278835\/how-to-delete-cookie-files-in-internet-explorer\" target=\"_blank\" rel=\"noopener\">https:\/\/support.microsoft.com\/es-es\/help\/278835\/how-to-delete-cookie-files-in-internet-explorer<\/a><\/td><\/tr><tr><td><strong>Firefox. Versi\u00f3n 65.0.1<\/strong><\/td><td><a href=\"https:\/\/www.mozilla.org\/es-ES\/privacy\/websites\/#cookies\" target=\"_blank\" rel=\"noopener\">https:\/\/www.mozilla.org\/es-ES\/privacy\/websites\/#cookies<\/a><\/td><\/tr><\/tbody><\/table><p><br \/><br \/><\/p>\t\t\t\t\t\t\t\t<\/div>\n\t\t\t\t\t<\/div>\n\t\t<\/div>\n\t\t\t\t\t<\/div>\n\t\t<\/section>\n\t\t\t\t<\/div>\n\t\t","protected":false},"excerpt":{"rendered":"<p>Debido a la entrada en vigor de la Ley de Servicios de la Sociedad de la Informaci\u00f3n y del Comercio Electr\u00f3nico (LSSICE), establecida por el establecida por la Ley 34\/2002, es de obligaci\u00f3n obtener el consentimiento expreso del usuario de todas las p\u00e1ginas web que usan\u00a0cookies\u00a0prescindibles,\u00a0antes de que este navegue por ellas. \u00bfQU\u00c9 SON LAS\u00a0COOKIES? &#8230; <a title=\"Cookies Policy\" class=\"read-more\" href=\"https:\/\/zaragoza.iepgroup.es\/en\/cookies-policy\/\" aria-label=\"Read more about Cookies Policy\">Read more<\/a><\/p>\n","protected":false},"author":6,"featured_media":0,"parent":0,"menu_order":0,"comment_status":"closed","ping_status":"closed","template":"elementor_header_footer","meta":{"footnotes":""},"class_list":["post-1136","page","type-page","status-publish"],"_links":{"self":[{"href":"https:\/\/zaragoza.iepgroup.es\/en\/wp-json\/wp\/v2\/pages\/1136","targetHints":{"allow":["GET"]}}],"collection":[{"href":"https:\/\/zaragoza.iepgroup.es\/en\/wp-json\/wp\/v2\/pages"}],"about":[{"href":"https:\/\/zaragoza.iepgroup.es\/en\/wp-json\/wp\/v2\/types\/page"}],"author":[{"embeddable":true,"href":"https:\/\/zaragoza.iepgroup.es\/en\/wp-json\/wp\/v2\/users\/6"}],"replies":[{"embeddable":true,"href":"https:\/\/zaragoza.iepgroup.es\/en\/wp-json\/wp\/v2\/comments?post=1136"}],"version-history":[{"count":1,"href":"https:\/\/zaragoza.iepgroup.es\/en\/wp-json\/wp\/v2\/pages\/1136\/revisions"}],"predecessor-version":[{"id":1140,"href":"https:\/\/zaragoza.iepgroup.es\/en\/wp-json\/wp\/v2\/pages\/1136\/revisions\/1140"}],"wp:attachment":[{"href":"https:\/\/zaragoza.iepgroup.es\/en\/wp-json\/wp\/v2\/media?parent=1136"}],"curies":[{"name":"wp","href":"https:\/\/api.w.org\/{rel}","templated":true}]}}