{"id":3112,"date":"2025-12-01T12:44:59","date_gmt":"2025-12-01T11:44:59","guid":{"rendered":"https:\/\/zaragoza.iepgroup.es\/news\/"},"modified":"2026-03-17T16:44:33","modified_gmt":"2026-03-17T15:44:33","slug":"news","status":"publish","type":"page","link":"https:\/\/zaragoza.iepgroup.es\/en\/news\/","title":{"rendered":"News"},"content":{"rendered":"\t\t<div data-elementor-type=\"wp-page\" data-elementor-id=\"3112\" class=\"elementor elementor-3112 elementor-3032\" data-elementor-post-type=\"page\">\n\t\t\t\t<div class=\"elementor-element elementor-element-356910d e-con-full e-flex e-con e-parent\" data-id=\"356910d\" data-element_type=\"container\" data-e-type=\"container\" data-settings=\"{&quot;jet_parallax_layout_list&quot;:[]}\">\n\t\t\t\t<div class=\"elementor-element elementor-element-5891dbc elementor-widget elementor-widget-html\" data-id=\"5891dbc\" data-element_type=\"widget\" data-e-type=\"widget\" data-widget_type=\"html.default\">\n\t\t\t\t\t<!-- BANNER DE NOTICIAS PARA ELEMENTOR --><div class=\"ci-news-banner\"><div class=\"ci-news-bg\"><\/div><div class=\"ci-news-overlay\"><\/div><div class=\"ci-news-label\"><h1>News<\/h1><\/div><\/div><style>\/* Importamos la fuente serif oficial para la etiqueta (si no est\u00e1 cargada ya por Elementor) *\/\n@import url('https:\/\/fonts.googleapis.com\/css2?family=Playfair+Display:ital,wght@0,600;1,600&display=swap');\n\n\/* Reset de contenedor para evitar conflictos de padding\/margin del tema padre *\/\n.ci-news-banner, .ci-news-banner * {\n    box-sizing: border-box;\n    margin: 0;\n    padding: 0;\n}\n\n\/* Contenedor principal del banner *\/\n.ci-news-banner {\n    position: relative;\n    width: 100%;\n    height: 450px; \/* Altura por defecto (Tablet\/Desktop peque\u00f1o) *\/\n    background-color: #f3f4f6;\n    overflow: hidden;\n    font-family: 'Playfair Display', Georgia, serif;\n    \n    box-shadow: 0 10px 30px rgba(0,0,0,0.1);\n    display: flex;\n    align-items: center;\n}\n\n\/* Imagen de fondo premium *\/\n.ci-news-bg {\n    position: absolute;\n    top: 0;\n    left: 0;\n    width: 100%;\n    height: 100%;\n    background-image: url('https:\/\/images.unsplash.com\/photo-1517842645767-c639042777db?q=80&w=2070&auto=format&fit=crop');\n    background-size: cover;\n    background-position: center;\n    background-repeat: no-repeat;\n    transition: transform 0.8s ease;\n}\n\n\/* Efecto hover elegante con zoom en la imagen de fondo *\/\n.ci-news-banner:hover .ci-news-bg {\n    transform: scale(1.03); \n}\n\n\/* Superposici\u00f3n (Overlay) que ayuda a la lectura y le da el tono de la marca *\/\n.ci-news-overlay {\n    position: absolute;\n    top: 0;\n    left: 0;\n    width: 100%;\n    height: 100%;\n    \/* Degradado oscuro hacia un lado, transparente hacia el otro *\/\n    background: linear-gradient(to right, rgba(22, 46, 84, 0.4), rgba(0,0,0,0.1));\n    z-index: 1;\n}\n\n\/* Caja blanca lateral que contiene la palabra \"Noticias\" *\/\n.ci-news-label {\n    position: relative;\n    z-index: 2;\n    background-color: #ffffff;\n    padding: 1.5rem 4rem 1.5rem 2.5rem;\n    box-shadow: 5px 5px 25px rgba(0, 0, 0, 0.15);\n    border-top-right-radius: 8px;\n    border-bottom-right-radius: 8px;\n    \/* Efecto moderno en la caja blanca *\/\n    background: rgba(255, 255, 255, 0.98);\n    backdrop-filter: blur(10px);\n}\n\n\/* Detalle visual corporativo (L\u00ednea decorativa naranja\/amarilla) *\/\n.ci-news-label::before {\n    content: '';\n    position: absolute;\n    left: 0;\n    top: 0;\n    width: 5px;\n    height: 100%;\n    background-color: #f4a100; \/* Dukes Accent Color *\/\n}\n\n\/* Texto principal *\/\n.ci-news-label h1 {\n    font-family: 'Playfair Display', Georgia, serif !important;\n    font-style: italic;\n    font-size: 3.5rem;\n    color: #162e54; \/* Dukes Blue *\/\n    line-height: 1.1;\n    font-weight: 600;\n    margin: 0;\n    letter-spacing: -0.02em;\n}\n\n\/* ======= MEDIA QUERIES (RESPONSIVE) ======= *\/\n\n\/* Pantallas Grandes (Escritorio) *\/\n@media screen and (min-width: 1024px) {\n    .ci-news-banner {\n        height: 550px; \/* M\u00e1s alto en PC *\/\n    }\n    .ci-news-label {\n        padding: 2rem 5rem 2rem 3rem;\n    }\n    .ci-news-label h1 {\n        font-size: 4.5rem;\n    }\n}\n\n\/* Tabletas y m\u00f3viles grandes *\/\n@media screen and (max-width: 768px) {\n    .ci-news-banner {\n        height: 350px; \/* Adaptamos a menor tama\u00f1o *\/\n        border-radius: 12px;\n    }\n    .ci-news-label {\n        padding: 1.25rem 3rem 1.25rem 2rem;\n    }\n    .ci-news-label h1 {\n        font-size: 2.8rem;\n    }\n}\n\n\/* Tel\u00e9fonos m\u00f3viles *\/\n@media screen and (max-width: 480px) {\n    .ci-news-banner {\n        height: 250px; \/* Reducci\u00f3n considerable para que no ocupe toda la pantalla del m\u00f3vil *\/\n        border-radius: 8px;\n    }\n    .ci-news-label {\n        padding: 1rem 2rem 1rem 1.5rem;\n        max-width: 90%; \/* Evitamos que el cuadro blanco se coma toda la imagen en m\u00f3vil *\/\n    }\n    .ci-news-label h1 {\n        font-size: 2rem;\n    }\n}\n<\/style>\t\t\t\t<\/div>\n\t\t\t\t<\/div>\n\t\t<div class=\"elementor-element elementor-element-6a42b3a e-flex e-con-boxed e-con e-parent\" data-id=\"6a42b3a\" data-element_type=\"container\" data-e-type=\"container\" data-settings=\"{&quot;jet_parallax_layout_list&quot;:[]}\">\n\t\t\t\t\t<div class=\"e-con-inner\">\n\t\t\t\t<div class=\"elementor-element elementor-element-4ca0f9c elementor-widget elementor-widget-heading\" data-id=\"4ca0f9c\" data-element_type=\"widget\" data-e-type=\"widget\" data-widget_type=\"heading.default\">\n\t\t\t\t\t<h2 class=\"elementor-heading-title elementor-size-default\">All the news from Colegio Ingl\u00e9s Zaragoza<\/h2>\t\t\t\t<\/div>\n\t\t\t\t\t<\/div>\n\t\t\t\t<\/div>\n\t\t<div class=\"elementor-element elementor-element-7a6a774 e-flex e-con-boxed e-con e-parent\" data-id=\"7a6a774\" data-element_type=\"container\" data-e-type=\"container\" data-settings=\"{&quot;jet_parallax_layout_list&quot;:[]}\">\n\t\t\t\t\t<div class=\"e-con-inner\">\n\t\t\t\t<div class=\"elementor-element elementor-element-199b0de elementor-widget elementor-widget-jet-posts\" data-id=\"199b0de\" data-element_type=\"widget\" data-e-type=\"widget\" data-settings=\"{&quot;columns_laptop&quot;:&quot;3&quot;,&quot;columns_tablet&quot;:&quot;2&quot;,&quot;columns_mobile&quot;:&quot;1&quot;,&quot;columns&quot;:3,&quot;slides_to_scroll&quot;:&quot;1&quot;}\" data-widget_type=\"jet-posts.default\">\n\t\t\t\t<div class=\"elementor-widget-container\">\n\t\t\t\t\t<div class=\"elementor-jet-posts jet-elements\"><div class=\"jet-posts col-row  jet-equal-cols\"><\/div>\n<\/div>\t\t\t\t<\/div>\n\t\t\t\t<\/div>\n\t\t\t\t\t<\/div>\n\t\t\t\t<\/div>\n\t\t<div class=\"elementor-element elementor-element-b387e31 e-con-full e-flex e-con e-parent\" data-id=\"b387e31\" data-element_type=\"container\" data-e-type=\"container\" data-settings=\"{&quot;jet_parallax_layout_list&quot;:[]}\">\n\t\t\t\t<div class=\"elementor-element elementor-element-4c6e18e elementor-widget elementor-widget-html\" data-id=\"4c6e18e\" data-element_type=\"widget\" data-e-type=\"widget\" data-widget_type=\"html.default\">\n\t\t\t\t\t<div class=\"ci-cta-wrapper\">\n    <div class=\"ci-cta-bg\"><\/div>\n    <div class=\"ci-cta-overlay\"><\/div>\n    <div class=\"ci-cta-content\">\n        <h2>Colegio Ingl\u00e9s Zaragoza<\/h2>\n        <p>We make life easier and more comfortable for our students and their families.<\/p>\n        <a href=\"mailto:infozaragoza@iepgroup.es\" class=\"ci-cta-btn\">&rarr; CONTACT US<\/a>\n    <\/div>\n<\/div><style>\/* Importamos tipograf\u00edas (Playfair para t\u00edtulos\/textos serif, Inter para el bot\u00f3n) *\/\n@import url('https:\/\/fonts.googleapis.com\/css2?family=Playfair+Display:ital,wght@0,600;1,400&family=Inter:wght@600&display=swap');\n\n\/* Reset de contenedor *\/\n.ci-cta-wrapper, .ci-cta-wrapper * {\n    box-sizing: border-box;\n    margin: 0;\n    padding: 0;\n}\n\n\/* Contenedor principal *\/\n.ci-cta-wrapper {\n    position: relative;\n    width: 100%;\n    min-height: 400px;\n    display: flex;\n    align-items: center;\n    justify-content: center;\n    \n    overflow: hidden;\n    \/* Si prefieres bordes redondeados, descomenta la siguiente l\u00ednea: *\/\n    \/* border-radius: 16px; *\/\n}\n\n\/* Imagen de fondo *\/\n.ci-cta-bg {\n    position: absolute;\n    top: 0;\n    left: 0;\n    width: 100%;\n    height: 100%;\n    background-image: url('https:\/\/images.unsplash.com\/photo-1509062522246-3755977927d7?q=80&w=2132&auto=format&fit=crop');\n    background-size: cover;\n    background-position: center;\n    z-index: 1;\n}\n\n\/* Capa semitransparente blanca (Overlay) para asegurar que el texto se lea perfectamente *\/\n.ci-cta-overlay {\n    position: absolute;\n    top: 0;\n    left: 0;\n    width: 100%;\n    height: 100%;\n    background-color: rgba(255, 255, 255, 0.75);\n    z-index: 2;\n}\n\n\/* Contenedor del texto y bot\u00f3n *\/\n.ci-cta-content {\n    position: relative;\n    z-index: 3;\n    text-align: center;\n    max-width: 700px;\n    padding: 2rem;\n}\n\n\/* T\u00edtulo *\/\n.ci-cta-content h2 {\n    font-family: 'Playfair Display', Georgia, serif;\n    font-size: 2.5rem;\n    color: #162e54; \/* Dukes Blue *\/\n    font-weight: 600;\n    line-height: 1.2;\n    margin-bottom: 1rem;\n}\n\n\/* P\u00e1rrafo *\/\n.ci-cta-content p {\n    font-family: 'Playfair Display', Georgia, serif;\n    font-size: 1.25rem;\n    font-style: italic;\n    color: #4b5563; \/* Gris oscuro elegante *\/\n    line-height: 1.6;\n    margin-bottom: 2rem;\n}\n\n\/* Bot\u00f3n de Contacto *\/\n.ci-cta-btn {\n    display: inline-flex;\n    align-items: center;\n    justify-content: center;\n    background-color: #162e54; \/* Dukes Blue *\/\n    color: #ffffff !important; \/* Forzado a blanco para evitar conflictos con links del tema *\/\n    font-family: 'Inter', sans-serif;\n    font-size: 0.875rem;\n    font-weight: 600;\n    text-decoration: none;\n    padding: 1rem 2.5rem;\n    border-radius: 6px;\n    letter-spacing: 0.05em;\n    box-shadow: 0 4px 15px rgba(22, 46, 84, 0.3);\n    transition: all 0.3s ease;\n}\n\n\/* Efecto Hover del bot\u00f3n *\/\n.ci-cta-btn:hover {\n    background-color: #0f1d35; \/* Dukes Dark *\/\n    transform: translateY(-2px);\n    box-shadow: 0 6px 20px rgba(22, 46, 84, 0.4);\n}\n\n\/* ======= DISE\u00d1O RESPONSIVE ======= *\/\n\n\/* Tabletas *\/\n@media screen and (max-width: 768px) {\n    .ci-cta-wrapper {\n        min-height: 350px;\n    }\n    .ci-cta-content {\n        padding: 1.5rem;\n    }\n    .ci-cta-content h2 {\n        font-size: 2rem;\n    }\n    .ci-cta-content p {\n        font-size: 1.15rem;\n    }\n}\n\n\/* Tel\u00e9fonos m\u00f3viles *\/\n@media screen and (max-width: 480px) {\n    .ci-cta-wrapper {\n        min-height: 300px;\n        margin-top: 1.5rem;\n    }\n    .ci-cta-content {\n        padding: 1rem;\n    }\n    .ci-cta-content h2 {\n        font-size: 1.75rem;\n    }\n    .ci-cta-content p {\n        font-size: 1.05rem;\n    }\n    .ci-cta-btn {\n        width: 100%; \/* Bot\u00f3n de ancho completo en m\u00f3vil para ser m\u00e1s clickable *\/\n        padding: 0.875rem 1rem;\n    }\n}\n<\/style>\t\t\t\t<\/div>\n\t\t\t\t<\/div>\n\t\t\t\t<\/div>\n\t\t","protected":false},"excerpt":{"rendered":"<p>News All the news from Colegio Ingl\u00e9s Zaragoza El colegio internacional m\u00e1s popular de Zaragoza Estamos orgullosos de recibir el sello \u00abMost Popular Schools 2025\u00bb de International Schools Database. Este reconocimiento refleja nuestro compromiso continuo&hellip; Colegio Ingl\u00e9s Zaragoza We make life easier and more comfortable for our students and their families. &rarr; CONTACT US<\/p>\n","protected":false},"author":14,"featured_media":0,"parent":0,"menu_order":0,"comment_status":"closed","ping_status":"closed","template":"elementor_header_footer","meta":{"footnotes":""},"class_list":["post-3112","page","type-page","status-publish"],"_links":{"self":[{"href":"https:\/\/zaragoza.iepgroup.es\/en\/wp-json\/wp\/v2\/pages\/3112","targetHints":{"allow":["GET"]}}],"collection":[{"href":"https:\/\/zaragoza.iepgroup.es\/en\/wp-json\/wp\/v2\/pages"}],"about":[{"href":"https:\/\/zaragoza.iepgroup.es\/en\/wp-json\/wp\/v2\/types\/page"}],"author":[{"embeddable":true,"href":"https:\/\/zaragoza.iepgroup.es\/en\/wp-json\/wp\/v2\/users\/14"}],"replies":[{"embeddable":true,"href":"https:\/\/zaragoza.iepgroup.es\/en\/wp-json\/wp\/v2\/comments?post=3112"}],"version-history":[{"count":1,"href":"https:\/\/zaragoza.iepgroup.es\/en\/wp-json\/wp\/v2\/pages\/3112\/revisions"}],"predecessor-version":[{"id":3119,"href":"https:\/\/zaragoza.iepgroup.es\/en\/wp-json\/wp\/v2\/pages\/3112\/revisions\/3119"}],"wp:attachment":[{"href":"https:\/\/zaragoza.iepgroup.es\/en\/wp-json\/wp\/v2\/media?parent=3112"}],"curies":[{"name":"wp","href":"https:\/\/api.w.org\/{rel}","templated":true}]}}